{"id":46732,"date":"2025-10-04T02:54:02","date_gmt":"2025-10-04T02:54:02","guid":{"rendered":"https:\/\/criscedra.pt\/?page_id=46732"},"modified":"2025-10-04T02:55:15","modified_gmt":"2025-10-04T02:55:15","slug":"dados-pessoais","status":"publish","type":"page","link":"https:\/\/criscedra.pt\/en\/dados-pessoais\/","title":{"rendered":"Dados Pessoais"},"content":{"rendered":"<div data-elementor-type=\"wp-page\" data-elementor-id=\"46732\" class=\"elementor elementor-46732\" data-elementor-post-type=\"page\">\n\t\t\t\t<div class=\"elementor-element elementor-element-8ddcefa e-flex e-con-boxed e-con e-parent\" data-id=\"8ddcefa\" data-element_type=\"container\">\n\t\t\t\t\t<div class=\"e-con-inner\">\n\t\t\t\t<div class=\"elementor-element elementor-element-af8318b elementor-widget elementor-widget-spacer\" data-id=\"af8318b\" data-element_type=\"widget\" data-widget_type=\"spacer.default\">\n\t\t\t\t\t\t\t<div class=\"elementor-spacer\">\n\t\t\t<div class=\"elementor-spacer-inner\"><\/div>\n\t\t<\/div>\n\t\t\t\t\t\t<\/div>\n\t\t\t\t\t<\/div>\n\t\t\t\t<\/div>\n\t\t<div class=\"elementor-element elementor-element-35f9d03 e-flex e-con-boxed e-con e-parent\" data-id=\"35f9d03\" data-element_type=\"container\">\n\t\t\t\t\t<div class=\"e-con-inner\">\n\t\t\t\t<div class=\"elementor-element elementor-element-aba2b0d elementor-widget elementor-widget-heading\" data-id=\"aba2b0d\" data-element_type=\"widget\" data-widget_type=\"heading.default\">\n\t\t\t\t\t<h2 class=\"elementor-heading-title elementor-size-default\">Acesso aos seus dados pessoais<\/h2>\t\t\t\t<\/div>\n\t\t\t\t<div class=\"elementor-element elementor-element-a318da0 elementor-widget elementor-widget-text-editor\" data-id=\"a318da0\" data-element_type=\"widget\" data-widget_type=\"text-editor.default\">\n\t\t\t\t\t\t\t\t\t<p>Caso deseje conhecer os dados que temos seus, por favor submeta o seu pedido enviando um email para <a href=\"mailto:geral@criscedra.pt\">geral@criscedra.pt<\/a> usando o seu endere\u00e7o de email. Ir\u00e1 receber um email para confirmar a sua identidade caso conste nesta plataforma. Ap\u00f3s a recep\u00e7\u00e3o do seu pedido, tomaremos as medidas adequadas para lhe dar seguimento nos 30 dias seguintes conforme o disposto no RGPD. Se nunca teve nenhuma rela\u00e7\u00e3o comercial com a consultora Cristiane Cedra, mas utilizou o nosso site e inscreveu seus dados em nossos formul\u00e1rios de contacto, envie um email para <a href=\"mailto:geral@criscedra.pt\">geral@criscedra.pt<\/a> para solicitar retirada dos seus dados. N\u00f3s preocupamo-nos com os seus dados pessoais e temos o maior cuidado na sua recolha e utiliza\u00e7\u00e3o. Todos os dados que nos faculta s\u00e3o apenas utilizados para processamento administrativo, estat\u00edstico, apresenta\u00e7\u00e3o e divulga\u00e7\u00e3o de produtos e servi\u00e7os comercializados no \u00e2mbito da atividade de consultoria imobili\u00e1ria. A informa\u00e7\u00e3o \u00e9, \u00fanica e exclusivamente, utilizada pela rede de ag\u00eancias e agentes da RE\/MAX Portugal de acordo com a sua gest\u00e3o aut\u00f3noma e independente. Caso pretenda exercer qualquer um dos seus direitos, acesso, portabilidade, retifica\u00e7\u00e3o ou esquecimento dever\u00e1 faz\u00ea-lo atrav\u00e9s do contacto directo com a ag\u00eancia ou agente RE\/MAX ao qual cedeu a respectiva informa\u00e7\u00e3o. Para o ajudar a encontrar a sua ag\u00eancia ou agente pode consultar a nossa p\u00e1gina de pesquisa de Ag\u00eancias ou Agentes.<\/p>\t\t\t\t\t\t\t\t<\/div>\n\t\t\t\t\t<\/div>\n\t\t\t\t<\/div>\n\t\t\t\t<\/div>","protected":false},"excerpt":{"rendered":"<p>Acesso aos seus dados pessoais Caso deseje conhecer os dados que temos seus, por favor submeta o seu pedido enviando um email para geral@criscedra.pt usando o seu endere\u00e7o de email. Ir\u00e1 receber um email para confirmar a sua identidade caso conste nesta plataforma. Ap\u00f3s a recep\u00e7\u00e3o do seu pedido, tomaremos as medidas adequadas para lhe [&hellip;]<\/p>","protected":false},"author":1,"featured_media":0,"parent":0,"menu_order":0,"comment_status":"closed","ping_status":"closed","template":"elementor_header_footer","meta":{"footnotes":""},"class_list":["post-46732","page","type-page","status-publish","hentry"],"_links":{"self":[{"href":"https:\/\/criscedra.pt\/en\/wp-json\/wp\/v2\/pages\/46732","targetHints":{"allow":["GET"]}}],"collection":[{"href":"https:\/\/criscedra.pt\/en\/wp-json\/wp\/v2\/pages"}],"about":[{"href":"https:\/\/criscedra.pt\/en\/wp-json\/wp\/v2\/types\/page"}],"author":[{"embeddable":true,"href":"https:\/\/criscedra.pt\/en\/wp-json\/wp\/v2\/users\/1"}],"replies":[{"embeddable":true,"href":"https:\/\/criscedra.pt\/en\/wp-json\/wp\/v2\/comments?post=46732"}],"version-history":[{"count":4,"href":"https:\/\/criscedra.pt\/en\/wp-json\/wp\/v2\/pages\/46732\/revisions"}],"predecessor-version":[{"id":46736,"href":"https:\/\/criscedra.pt\/en\/wp-json\/wp\/v2\/pages\/46732\/revisions\/46736"}],"wp:attachment":[{"href":"https:\/\/criscedra.pt\/en\/wp-json\/wp\/v2\/media?parent=46732"}],"curies":[{"name":"wp","href":"https:\/\/api.w.org\/{rel}","templated":true}]}}