{"id":46702,"date":"2025-10-04T02:08:36","date_gmt":"2025-10-04T02:08:36","guid":{"rendered":"https:\/\/criscedra.pt\/?page_id=46702"},"modified":"2025-10-04T02:40:09","modified_gmt":"2025-10-04T02:40:09","slug":"politica-de-privacidade","status":"publish","type":"page","link":"https:\/\/criscedra.pt\/en\/politica-de-privacidade\/","title":{"rendered":"Pol\u00edtica de Privacidade"},"content":{"rendered":"<div data-elementor-type=\"wp-page\" data-elementor-id=\"46702\" class=\"elementor elementor-46702\" data-elementor-post-type=\"page\">\n\t\t\t\t<div class=\"elementor-element elementor-element-8ddcefa e-flex e-con-boxed e-con e-parent\" data-id=\"8ddcefa\" data-element_type=\"container\">\n\t\t\t\t\t<div class=\"e-con-inner\">\n\t\t\t\t<div class=\"elementor-element elementor-element-af8318b elementor-widget elementor-widget-spacer\" data-id=\"af8318b\" data-element_type=\"widget\" data-widget_type=\"spacer.default\">\n\t\t\t\t\t\t\t<div class=\"elementor-spacer\">\n\t\t\t<div class=\"elementor-spacer-inner\"><\/div>\n\t\t<\/div>\n\t\t\t\t\t\t<\/div>\n\t\t\t\t\t<\/div>\n\t\t\t\t<\/div>\n\t\t<div class=\"elementor-element elementor-element-35f9d03 e-flex e-con-boxed e-con e-parent\" data-id=\"35f9d03\" data-element_type=\"container\">\n\t\t\t\t\t<div class=\"e-con-inner\">\n\t\t\t\t<div class=\"elementor-element elementor-element-aba2b0d elementor-widget elementor-widget-heading\" data-id=\"aba2b0d\" data-element_type=\"widget\" data-widget_type=\"heading.default\">\n\t\t\t\t\t<h2 class=\"elementor-heading-title elementor-size-default\">Pol\u00edtica de Privacidade<\/h2>\t\t\t\t<\/div>\n\t\t\t\t<div class=\"elementor-element elementor-element-a318da0 elementor-widget elementor-widget-text-editor\" data-id=\"a318da0\" data-element_type=\"widget\" data-widget_type=\"text-editor.default\">\n\t\t\t\t\t\t\t\t\t<p>A SUA PRIVACIDADE E A PROTE\u00c7\u00c3O DOS SEUS DADOS PESSOAIS S\u00c3O MUITO IMPORTANTES PARA N\u00d3S, ACONSELHAMOS POR ISSO A LEITURA DESTA POL\u00cdTICA DE PRIVACIDADE PARA CONHECER E ACEITAR AS CONDI\u00c7\u00d5ES EM QUE DISPONIBILIZA OS SEUS DADOS PESSOAIS E AUTORIZA A SUA RECOLHA, USO E DIVULGA\u00c7\u00c3O DOS MESMOS DE ACORDO COM AS REGRAS AQUI DEFINIDAS.<\/p>\t\t\t\t\t\t\t\t<\/div>\n\t\t\t\t<div class=\"elementor-element elementor-element-b69efbc elementor-widget elementor-widget-heading\" data-id=\"b69efbc\" data-element_type=\"widget\" data-widget_type=\"heading.default\">\n\t\t\t\t\t<h2 class=\"elementor-heading-title elementor-size-default\">Pol\u00edtica de privacidade para utilizadores do site e clientes finais<\/h2>\t\t\t\t<\/div>\n\t\t\t\t<div class=\"elementor-element elementor-element-b75239d elementor-widget elementor-widget-text-editor\" data-id=\"b75239d\" data-element_type=\"widget\" data-widget_type=\"text-editor.default\">\n\t\t\t\t\t\t\t\t\t<p>Este site \u00e9 operado pela consultora imobili\u00e1ria Cristiane Cedra associada <b>RE\/MAX Family Executive &#8211; Desafio Aceite Solu\u00e7\u00f5es Imob. Lda. AMI 17367<\/b>, localizada na Avenida Boa Vista, 607 &#8211; (doravante \u201cCristiane Cedra\u201d ou &#8220;n\u00f3s&#8221;). Esta pol\u00edtica de privacidade descreve como n\u00f3s recolhemos e processamos seus dados pessoais. A Cristiane Cedra est\u00e1 empenhada em proteger os dados pessoais dos seus clientes e utilizadores do website, tendo para o efeito elaborado a presente Pol\u00edtica de Privacidade com o objetivo de dar a conhecer o seu compromisso e respeito para com as regras relativas \u00e0 privacidade e \u00e0 prote\u00e7\u00e3o de dados pessoais que recolhemos e tratamos em respeito com o Regulamento Geral de Prote\u00e7\u00e3o de Dados (RGPD).<\/p>\t\t\t\t\t\t\t\t<\/div>\n\t\t\t\t<div class=\"elementor-element elementor-element-d5a2642 elementor-widget elementor-widget-heading\" data-id=\"d5a2642\" data-element_type=\"widget\" data-widget_type=\"heading.default\">\n\t\t\t\t\t<h2 class=\"elementor-heading-title elementor-size-default\">1. Os seus dados pessoais<\/h2>\t\t\t\t<\/div>\n\t\t\t\t<div class=\"elementor-element elementor-element-d463ef9 elementor-widget elementor-widget-text-editor\" data-id=\"d463ef9\" data-element_type=\"widget\" data-widget_type=\"text-editor.default\">\n\t\t\t\t\t\t\t\t\t<p>Durante a sua visita a este site, recolheremos automaticamente os seguintes dados pessoais sobre si:<\/p><ul><li>informa\u00e7\u00f5es sobre as p\u00e1ginas que visita neste site,<\/li><li>data e hora da sua visita,<\/li><li>endere\u00e7o IP,<\/li><li>navegador da Web,<\/li><li>o site (URL) que visitou antes de aceder a este site e<\/li><li>alguns cookies (veja a nossa Pol\u00edtica de Cookies).<\/li><\/ul><p>Al\u00e9m disso n\u00f3s recolheremos toda a informa\u00e7\u00e3o que nos submeter ao usar os formul\u00e1rios de contato dispon\u00edveis neste site. <br \/>Obtemos tamb\u00e9m dados pessoais de clientes fornecidos por membros da rede de franchisados RE\/MAX. Os dados pessoais que processamos neste contexto s\u00e3o:<\/p><ul><li>nome;<\/li><li>endere\u00e7o;<\/li><li>n\u00famero de telefone;<\/li><li>endere\u00e7o de e-mail;<\/li><li>angaria\u00e7\u00f5es e informa\u00e7\u00f5es associadas \u00e0 angaria\u00e7\u00e3o e<\/li><li>dados relativos a transa\u00e7\u00f5es imobili\u00e1rias individuais.<\/li><\/ul>\t\t\t\t\t\t\t\t<\/div>\n\t\t\t\t<div class=\"elementor-element elementor-element-8d4cf52 elementor-widget elementor-widget-heading\" data-id=\"8d4cf52\" data-element_type=\"widget\" data-widget_type=\"heading.default\">\n\t\t\t\t\t<h2 class=\"elementor-heading-title elementor-size-default\">2. Cookies<\/h2>\t\t\t\t<\/div>\n\t\t\t\t<div class=\"elementor-element elementor-element-4e4da98 elementor-widget elementor-widget-heading\" data-id=\"4e4da98\" data-element_type=\"widget\" data-widget_type=\"heading.default\">\n\t\t\t\t\t<h4 class=\"elementor-heading-title elementor-size-default\">2.1. Cookies<\/h4>\t\t\t\t<\/div>\n\t\t\t\t<div class=\"elementor-element elementor-element-b665e01 elementor-widget elementor-widget-text-editor\" data-id=\"b665e01\" data-element_type=\"widget\" data-widget_type=\"text-editor.default\">\n\t\t\t\t\t\t\t\t\t<p>Este site usa os chamados cookies. Um cookie \u00e9 um pequeno arquivo que pode ser guardado no seu computador quando voc\u00ea visita um site. Os cookies s\u00e3o geralmente usados para fornecer aos visitantes do site funcionalidades adicionais dentro do site. Eles podem, por exemplo, ser criados para manter o controle da sua visita e apoiar a sua navega\u00e7\u00e3o no site, ajud\u00e1-lo a continuar onde ficou e\/ou lembrar suas prefer\u00eancias e configura\u00e7\u00f5es quando visitar o site novamente. Os cookies n\u00e3o podem aceder, ler ou modificar quaisquer outros dados no seu computador. A maioria dos cookies usados neste site s\u00e3o os chamados cookies de sess\u00e3o. S\u00e3o apagados automaticamente quando sair do Web site. Existem ainda os cookies persistentes, estes permanecem no seu computador at\u00e9 que os apague no seu browser. N\u00f3s usamos cookies persistentes para o reconhecer quando visitar este site da pr\u00f3xima vez. Nossa Pol\u00edtica de Cookies est\u00e1 detalhada aqui. Se quiser controlar os cookies instalados no seu computador, poder\u00e1 modificar as configura\u00e7\u00f5es do seu navegador para que ele o notifique quando um site tentar instalar um cookie ou poder\u00e1 bloquear os cookies definitivamente. Tamb\u00e9m poder\u00e1 excluir cookies que j\u00e1 foram instalados no seu computador. Consulte a fun\u00e7\u00e3o &#8216; Ajuda &#8216; no seu browser para obter mais informa\u00e7\u00f5es sobre como executar estes passos. Por favor, note que, no entanto, ao desativar os cookies pode afetar a sua experi\u00eancia online e\/ou impedi-lo de tirar pleno partido do nosso site. Para mais informa\u00e7\u00e3o sobre a utiliza\u00e7\u00e3o de cookies e sobre como os bloquear, visite allaboutcookies.org, youronlinechoices.eu (Europa). Se tiver quest\u00f5es ou coment\u00e1rios sobre a nossa utiliza\u00e7\u00e3o de cookies, contacte-nos atrav\u00e9s do e-mail <a href=\"mailto:geral@criscedra.pt\">geral@criscedra.pt<\/a>.<\/p>\t\t\t\t\t\t\t\t<\/div>\n\t\t\t\t<div class=\"elementor-element elementor-element-4f899fc elementor-widget elementor-widget-heading\" data-id=\"4f899fc\" data-element_type=\"widget\" data-widget_type=\"heading.default\">\n\t\t\t\t\t<h4 class=\"elementor-heading-title elementor-size-default\">2.2. Google Analytics<\/h4>\t\t\t\t<\/div>\n\t\t\t\t<div class=\"elementor-element elementor-element-e00d8f5 elementor-widget elementor-widget-text-editor\" data-id=\"e00d8f5\" data-element_type=\"widget\" data-widget_type=\"text-editor.default\">\n\t\t\t\t\t\t\t\t\t<p>Este site usa o Google Analytics, um servi\u00e7o de an\u00e1lise tr\u00e1fego de Internet fornecido pela Google, Inc., 1600 Anfiteatro Parkway Mountain View, CA 94043, EUA (&#8220;Google&#8221;). O Google Analytics usa cookies para nos ajudar a analisar como voc\u00ea usa este site. As informa\u00e7\u00f5es geradas pelo cookie sobre o seu uso do site ser\u00e3o transmitidas e armazenadas pelo Google em servidores nos Estados Unidos. O seu endere\u00e7o IP ser\u00e1 truncado pelo Google dentro de um Estado-membro da UE ou outro Estado do EEE antes de ser transmitido para os EUA. Somente em situa\u00e7\u00f5es excepcionais o seu endere\u00e7o IP completo ser\u00e1 transmitido aos servidores do Google nos Estados Unidos e truncado l\u00e1. O Google usar\u00e1 essas informa\u00e7\u00f5es com o objetivo de avaliar a sua utiliza\u00e7\u00e3o do site, compilando relat\u00f3rios sobre a atividade no site para os operadores do site e fornecendo outros servi\u00e7os relacionados \u00e0 atividade do site e ao uso da Internet. O Google n\u00e3o associar\u00e1 o seu endere\u00e7o IP a quaisquer outros dados mantidos pelo Google. Voc\u00ea pode impedir o Google de recolher informa\u00e7\u00f5es (incluindo o seu endere\u00e7o IP) atrav\u00e9s de cookies e processar essas informa\u00e7\u00f5es, para isso deve utilizar este plugin no seu browser e instal\u00e1-lo: <a href=\"http:\/\/Tools.google.com\/dlpage\/gaoptout\" target=\"_blank\" rel=\"noopener\">http:\/\/Tools.google.com\/dlpage\/gaoptout<\/a><\/p><p>Informa\u00e7\u00f5es adicionais sobre os termos e condi\u00e7\u00f5es de uso e privacidade dos dados podem ser encontradas nos termos de servi\u00e7o do Google Analytics (<a href=\"https:\/\/www.google.com\/analytics\/terms\/pt.html\" target=\"_blank\" rel=\"noopener\">https:\/\/www.google.com\/analytics\/terms\/pt.html<\/a>) ou na Politica Geral da Privacidade do Google Analytics (<a href=\"https:\/\/support.google.com\/analytics\/answer\/6004245?hl=pt\" target=\"_blank\" rel=\"noopener\">https:\/\/support.google.com\/analytics\/answer\/6004245?hl=pt<\/a>). Por favor, note que neste site, o Google Analytics \u00e9 complementado por &#8220;GAT. anonymizeIp (); &#8221; para garantir a recolha an\u00f4nima de endere\u00e7os IP (m\u00e1scara de IP).<\/p>\t\t\t\t\t\t\t\t<\/div>\n\t\t\t\t<div class=\"elementor-element elementor-element-8a0e2f2 elementor-widget elementor-widget-heading\" data-id=\"8a0e2f2\" data-element_type=\"widget\" data-widget_type=\"heading.default\">\n\t\t\t\t\t<h2 class=\"elementor-heading-title elementor-size-default\">3. Fins para os quais utilizamos os seus dados<\/h2>\t\t\t\t<\/div>\n\t\t\t\t<div class=\"elementor-element elementor-element-6e8d1e4 elementor-widget elementor-widget-text-editor\" data-id=\"6e8d1e4\" data-element_type=\"widget\" data-widget_type=\"text-editor.default\">\n\t\t\t\t\t\t\t\t\t<p>N\u00f3s usamos os seus dados pessoais para lhe disponibilizar este Web site como utilizador, para gerar estat\u00edsticas do uso, para melhorar e desenvolver este Web site, para lhe fornecer servi\u00e7os de consultoria imobili\u00e1ria, para responder a pedidos e mensagens suas, para lhe enviar a nossa newsletter se voc\u00ea a tiver subscrito, para o contatar sobre as propriedades que podem interessar-lhe, e para analisar os seus dados de forma agregada com o objetivo de analisar o nosso neg\u00f3cio.<\/p>\t\t\t\t\t\t\t\t<\/div>\n\t\t\t\t<div class=\"elementor-element elementor-element-8e01f03 elementor-widget elementor-widget-heading\" data-id=\"8e01f03\" data-element_type=\"widget\" data-widget_type=\"heading.default\">\n\t\t\t\t\t<h2 class=\"elementor-heading-title elementor-size-default\">4. Base jur\u00eddica para o tratamento<\/h2>\t\t\t\t<\/div>\n\t\t\t\t<div class=\"elementor-element elementor-element-26d9833 elementor-widget elementor-widget-text-editor\" data-id=\"26d9833\" data-element_type=\"widget\" data-widget_type=\"text-editor.default\">\n\t\t\t\t\t\t\t\t\t<p>Se n\u00f3s processarmos certos dados pessoais sobre si que recebemos de outro membro da rede de franquias, a base jur\u00eddica para o processamento ser\u00e1 o seu consentimento nos termos do n \u00ba 1, al\u00ednea a, do artigo 6\u00ba RGPD que ser\u00e1 solicitado de forma separada. Para essa recolha ser\u00e1 pedido o seu consentimento, poder\u00e1 retirar o seu consentimento a qualquer momento. No entanto, isso n\u00e3o afeta a legalidade do processamento de seus dados com base no consentimento antes de sua retirada.<\/p>\t\t\t\t\t\t\t\t<\/div>\n\t\t\t\t<div class=\"elementor-element elementor-element-49fb2b1 elementor-widget elementor-widget-heading\" data-id=\"49fb2b1\" data-element_type=\"widget\" data-widget_type=\"heading.default\">\n\t\t\t\t\t<h2 class=\"elementor-heading-title elementor-size-default\">5. Divulga\u00e7\u00f5es e transfer\u00eancias de dados<\/h2>\t\t\t\t<\/div>\n\t\t\t\t<div class=\"elementor-element elementor-element-7c0e847 elementor-widget elementor-widget-text-editor\" data-id=\"7c0e847\" data-element_type=\"widget\" data-widget_type=\"text-editor.default\">\n\t\t\t\t\t\t\t\t\t<p>Na medida do necess\u00e1rio para as finalidades acima referidas, transferiremos os seus dados pessoais para fornecedores de servi\u00e7os de TI com quem trabalhamos.<\/p><p>Alguns dos destinat\u00e1rios acima mencionados est\u00e3o localizados em ou processam dados pessoais fora do seu pa\u00eds. O n\u00edvel de prote\u00e7\u00e3o de dados noutro pa\u00eds pode n\u00e3o ser equivalente ao do seu pa\u00eds. No entanto, s\u00f3 transferimos os seus dados pessoais para pa\u00edses que a Comiss\u00e3o Europeia decidiu que t\u00eam um n\u00edvel adequado de prote\u00e7\u00e3o de dados ou tomamos medidas para garantir que todos os destinat\u00e1rios forne\u00e7am um n\u00edvel adequado de prote\u00e7\u00e3o de dados. Fazemos isto, por exemplo, atrav\u00e9s de acordos de transfer\u00eancia de dados apropriados, baseados em cl\u00e1usulas contratuais-tipo (2010\/87\/CE e\/ou 2004\/915\/CE).<\/p>\t\t\t\t\t\t\t\t<\/div>\n\t\t\t\t<div class=\"elementor-element elementor-element-554e056 elementor-widget elementor-widget-heading\" data-id=\"554e056\" data-element_type=\"widget\" data-widget_type=\"heading.default\">\n\t\t\t\t\t<h2 class=\"elementor-heading-title elementor-size-default\">6. Per\u00edodos de reten\u00e7\u00e3o<\/h2>\t\t\t\t<\/div>\n\t\t\t\t<div class=\"elementor-element elementor-element-824694a elementor-widget elementor-widget-text-editor\" data-id=\"824694a\" data-element_type=\"widget\" data-widget_type=\"text-editor.default\">\n\t\t\t\t\t\t\t\t\t<p>N\u00f3s iremos conservar os seus dados que recolhemos automaticamente quando visita este Web site pelo tempo m\u00e1ximo de seis meses. Se subscreveu a nossa newsletter, vamos manter o seu endere\u00e7o de e-mail at\u00e9 proceder ao cancelamento da nossa newsletter. Caso se tenha registado no nosso Web site, n\u00f3s iremos conservar os seus dados enquanto a sua conta existir e depois disso somente se houver alguma obriga\u00e7\u00e3o legal para reter seus dados.<\/p><p>Al\u00e9m disso, vamos manter os seus dados pessoais que recebemos de outros membros da rede de franquias, pelo menos at\u00e9 o fim do seu relacionamento comercial, desde que haja obriga\u00e7\u00e3o legal para a reten\u00e7\u00e3o dos dados ou para o exerc\u00edcio ou defesa de reclama\u00e7\u00f5es.<\/p>\t\t\t\t\t\t\t\t<\/div>\n\t\t\t\t<div class=\"elementor-element elementor-element-5cee8af elementor-widget elementor-widget-heading\" data-id=\"5cee8af\" data-element_type=\"widget\" data-widget_type=\"heading.default\">\n\t\t\t\t\t<h2 class=\"elementor-heading-title elementor-size-default\">7. Os seus direitos<\/h2>\t\t\t\t<\/div>\n\t\t\t\t<div class=\"elementor-element elementor-element-3968b99 elementor-widget elementor-widget-text-editor\" data-id=\"3968b99\" data-element_type=\"widget\" data-widget_type=\"text-editor.default\">\n\t\t\t\t\t\t\t\t\t<p>O Cliente, sendo titular dos dados, tem o direito de aceder a todos os seus dados. Tem ainda, o direito de exigir a sua limita\u00e7\u00e3o, retifica\u00e7\u00e3o, oposi\u00e7\u00e3o ou apagamento nos limites legalmente impostos.<\/p><p>O Cliente, enquanto titular dos dados, tem, tamb\u00e9m, o direito de retirar o seu consentimento para o tratamento dos dados em qualquer momento. Esta altera\u00e7\u00e3o do consentimento n\u00e3o compromete a licitude do tratamento efetuado com base no consentimento anteriormente dado.<\/p><p>Quando se manifesta tecnicamente vi\u00e1vel, o Cliente pode solicitar a portabilidade dos seus dados para outro respons\u00e1vel de tratamento, sendo que os mesmos ser\u00e3o conservados apenas para o exerc\u00edcio ou defesa de reclama\u00e7\u00f5es.<\/p><p>Tamb\u00e9m com este prop\u00f3sito (efeitos \u00fanicos de declara\u00e7\u00e3o, exerc\u00edcio ou defesa de um direito num processo judicial), os dados poder\u00e3o ser conservados quando exercidos alguns dos direitos acima identificados.<\/p><p>Na eventualidade de querer exercer estes direitos ou para qualquer outra quest\u00e3o adicional respeitante \u00e0 prote\u00e7\u00e3o de dados e seu tratamento, dever\u00e1 contactar por escrito o respons\u00e1vel atrav\u00e9s do contacto abaixo indicado. Ser-lhe-\u00e1 sempre solicitado um comprovativo da identidade do titular dos dados. Adicionalmente, e se em algum momento considerar que os seus direitos n\u00e3o foram devidamente acautelados, poder\u00e1 apresentar uma reclama\u00e7\u00e3o junto da Comiss\u00e3o Nacional de Prote\u00e7\u00e3o de Dados. Poder\u00e1 encontrar informa\u00e7\u00e3o complementar consultando o site da referida Comiss\u00e3o <a href=\"https:\/\/www.cnpd.pt\/\" target=\"_blank\" rel=\"noopener\">https:\/\/www.cnpd.pt\/<\/a><\/p>\t\t\t\t\t\t\t\t<\/div>\n\t\t\t\t<div class=\"elementor-element elementor-element-9bc1f8a elementor-widget elementor-widget-heading\" data-id=\"9bc1f8a\" data-element_type=\"widget\" data-widget_type=\"heading.default\">\n\t\t\t\t\t<h2 class=\"elementor-heading-title elementor-size-default\">8. Contacte-nos<\/h2>\t\t\t\t<\/div>\n\t\t\t\t<div class=\"elementor-element elementor-element-89e8eb2 elementor-widget elementor-widget-text-editor\" data-id=\"89e8eb2\" data-element_type=\"widget\" data-widget_type=\"text-editor.default\">\n\t\t\t\t\t\t\t\t\t<p>Caso tenha alguma d\u00favida ou pretenda algum esclarecimento adicional sobre o tratamento dos seus dados pode contatar-nos pelo email <a href=\"mailto:geral@criscedra.pt\">geral@criscedra.pt<\/a><\/p><p>Obrigado por ler a nossa Pol\u00edtica de Privacidade.<\/p>\t\t\t\t\t\t\t\t<\/div>\n\t\t\t\t\t<\/div>\n\t\t\t\t<\/div>\n\t\t\t\t<\/div>","protected":false},"excerpt":{"rendered":"<p>Pol\u00edtica de Privacidade A SUA PRIVACIDADE E A PROTE\u00c7\u00c3O DOS SEUS DADOS PESSOAIS S\u00c3O MUITO IMPORTANTES PARA N\u00d3S, ACONSELHAMOS POR ISSO A LEITURA DESTA POL\u00cdTICA DE PRIVACIDADE PARA CONHECER E ACEITAR AS CONDI\u00c7\u00d5ES EM QUE DISPONIBILIZA OS SEUS DADOS PESSOAIS E AUTORIZA A SUA RECOLHA, USO E DIVULGA\u00c7\u00c3O DOS MESMOS DE ACORDO COM AS REGRAS [&hellip;]<\/p>","protected":false},"author":1,"featured_media":0,"parent":0,"menu_order":0,"comment_status":"closed","ping_status":"closed","template":"elementor_header_footer","meta":{"footnotes":""},"class_list":["post-46702","page","type-page","status-publish","hentry"],"_links":{"self":[{"href":"https:\/\/criscedra.pt\/en\/wp-json\/wp\/v2\/pages\/46702","targetHints":{"allow":["GET"]}}],"collection":[{"href":"https:\/\/criscedra.pt\/en\/wp-json\/wp\/v2\/pages"}],"about":[{"href":"https:\/\/criscedra.pt\/en\/wp-json\/wp\/v2\/types\/page"}],"author":[{"embeddable":true,"href":"https:\/\/criscedra.pt\/en\/wp-json\/wp\/v2\/users\/1"}],"replies":[{"embeddable":true,"href":"https:\/\/criscedra.pt\/en\/wp-json\/wp\/v2\/comments?post=46702"}],"version-history":[{"count":5,"href":"https:\/\/criscedra.pt\/en\/wp-json\/wp\/v2\/pages\/46702\/revisions"}],"predecessor-version":[{"id":46726,"href":"https:\/\/criscedra.pt\/en\/wp-json\/wp\/v2\/pages\/46702\/revisions\/46726"}],"wp:attachment":[{"href":"https:\/\/criscedra.pt\/en\/wp-json\/wp\/v2\/media?parent=46702"}],"curies":[{"name":"wp","href":"https:\/\/api.w.org\/{rel}","templated":true}]}}