{"id":46692,"date":"2025-10-04T01:42:59","date_gmt":"2025-10-04T01:42:59","guid":{"rendered":"https:\/\/criscedra.pt\/?page_id=46692"},"modified":"2025-10-08T15:12:37","modified_gmt":"2025-10-08T15:12:37","slug":"termos-de-uso","status":"publish","type":"page","link":"https:\/\/criscedra.pt\/en\/termos-de-uso\/","title":{"rendered":"Termos de Uso"},"content":{"rendered":"<div data-elementor-type=\"wp-page\" data-elementor-id=\"46692\" class=\"elementor elementor-46692\" data-elementor-post-type=\"page\">\n\t\t\t\t<div class=\"elementor-element elementor-element-8ddcefa e-flex e-con-boxed e-con e-parent\" data-id=\"8ddcefa\" data-element_type=\"container\">\n\t\t\t\t\t<div class=\"e-con-inner\">\n\t\t\t\t<div class=\"elementor-element elementor-element-af8318b elementor-widget elementor-widget-spacer\" data-id=\"af8318b\" data-element_type=\"widget\" data-widget_type=\"spacer.default\">\n\t\t\t\t\t\t\t<div class=\"elementor-spacer\">\n\t\t\t<div class=\"elementor-spacer-inner\"><\/div>\n\t\t<\/div>\n\t\t\t\t\t\t<\/div>\n\t\t\t\t\t<\/div>\n\t\t\t\t<\/div>\n\t\t<div class=\"elementor-element elementor-element-35f9d03 e-flex e-con-boxed e-con e-parent\" data-id=\"35f9d03\" data-element_type=\"container\">\n\t\t\t\t\t<div class=\"e-con-inner\">\n\t\t\t\t<div class=\"elementor-element elementor-element-aba2b0d elementor-widget elementor-widget-heading\" data-id=\"aba2b0d\" data-element_type=\"widget\" data-widget_type=\"heading.default\">\n\t\t\t\t\t<h2 class=\"elementor-heading-title elementor-size-default\">Termos de Uso<\/h2>\t\t\t\t<\/div>\n\t\t\t\t<div class=\"elementor-element elementor-element-a318da0 elementor-widget elementor-widget-text-editor\" data-id=\"a318da0\" data-element_type=\"widget\" data-widget_type=\"text-editor.default\">\n\t\t\t\t\t\t\t\t\t<p>Leia com aten\u00e7\u00e3o antes de usar este site da Web. Bem-vindo ao site da Consultora Cristiane Cedra. O objetivo deste site inclui fornecer aos consumidores acesso a informa\u00e7\u00f5es sobre im\u00f3veis habitacionais ou comerciais, propriedades e terrenos para venda e arrendamento dispon\u00edveis pelo Grupo RE\/MAX Family, bem como v\u00e1rias quest\u00f5es relacionadas com im\u00f3veis que pensamos ser de interesse para si. Para garantir um ambiente seguro e n\u00e3o ofensivo para todos os visitantes deste site, estabelecemos estes &#8220;Termos de Utiliza\u00e7\u00e3o&#8221;. Ao aceder a qualquer \u00e1rea do criscedra.pt, voc\u00ea concorda em obedecer aos termos e condi\u00e7\u00f5es estabelecidos abaixo. Caso n\u00e3o concorde com todos os Termos de Utiliza\u00e7\u00e3o, n\u00e3o utilize este site.<\/p>\t\t\t\t\t\t\t\t<\/div>\n\t\t\t\t<div class=\"elementor-element elementor-element-b69efbc elementor-widget elementor-widget-heading\" data-id=\"b69efbc\" data-element_type=\"widget\" data-widget_type=\"heading.default\">\n\t\t\t\t\t<h2 class=\"elementor-heading-title elementor-size-default\">Aviso de Direitos de Autor<\/h2>\t\t\t\t<\/div>\n\t\t\t\t<div class=\"elementor-element elementor-element-b75239d elementor-widget elementor-widget-text-editor\" data-id=\"b75239d\" data-element_type=\"widget\" data-widget_type=\"text-editor.default\">\n\t\t\t\t\t\t\t\t\t<p>Os materiais neste site, bem como a organiza\u00e7\u00e3o e o layout deste site, s\u00e3o protegidos por direitos de autor e s\u00e3o protegidos pelas leis de direitos de autor internacionais e provis\u00f5es de tratados. Voc\u00ea pode aceder, baixar e imprimir materiais neste site exclusivamente para seu uso pessoal e n\u00e3o comercial; no entanto, qualquer impress\u00e3o deste site, ou partes do site, deve incluir o aviso de direitos de autor da Consultora Cristiane Cedra. Nenhum direito, t\u00edtulo ou interesse em qualquer um dos materiais contidos neste site \u00e9 transferido para voc\u00ea como resultado do acesso, download ou impress\u00e3o de tais materiais. A menos que especificado de outra forma, voc\u00ea n\u00e3o pode copiar, modificar, distribuir, transmitir, exibir, reproduzir, publicar, licenciar, criar trabalhos derivados de, vincular ou enquadrar em outro site, usar em qualquer outro site, transferir ou vender qualquer informa\u00e7\u00e3o obtida a partir deste site, sem permiss\u00e3o por escrito da Consultora Cristiane Cedra. A proibi\u00e7\u00e3o anterior inclui expressamente, mas n\u00e3o est\u00e1 limitada a, pr\u00e1ticas de &#8220;captura de tela&#8221; ou &#8220;captura de base de dados&#8221; para obter listas de usu\u00e1rios, im\u00f3veis ou outras informa\u00e7\u00f5es.<\/p>\t\t\t\t\t\t\t\t<\/div>\n\t\t\t\t<div class=\"elementor-element elementor-element-d5a2642 elementor-widget elementor-widget-heading\" data-id=\"d5a2642\" data-element_type=\"widget\" data-widget_type=\"heading.default\">\n\t\t\t\t\t<h2 class=\"elementor-heading-title elementor-size-default\">Links<\/h2>\t\t\t\t<\/div>\n\t\t\t\t<div class=\"elementor-element elementor-element-d463ef9 elementor-widget elementor-widget-text-editor\" data-id=\"d463ef9\" data-element_type=\"widget\" data-widget_type=\"text-editor.default\">\n\t\t\t\t\t\t\t\t\t<p>Para sua conveni\u00eancia, este Web Site pode fornecer links para v\u00e1rios outros sites que podem ser do seu interesse. No entanto, n\u00e3o controlamos tais sites e n\u00e3o somos respons\u00e1veis pelo seu conte\u00fado, nem pela exatid\u00e3o ou confiabilidade de quaisquer informa\u00e7\u00f5es, dados, opini\u00f5es, conselhos ou declara\u00e7\u00f5es contidos em tais sites. Al\u00e9m disso, a nossa pol\u00edtica de privacidade \u00e9 aplic\u00e1vel apenas \u00e0 navega\u00e7\u00e3o no nosso site. Depois de clicar um link para outro site, voc\u00ea deve ler a pol\u00edtica de privacidade desse site antes de divulgar qualquer informa\u00e7\u00e3o pessoal. Se decidir aceder a qualquer um dos sites de terceiros desde links dispon\u00edveis neste site, isso \u00e9 da sua inteira responsabilidade. Reserva-nos o direito de encerrar qualquer link ou programa de links a qualquer momento.<\/p>\t\t\t\t\t\t\t\t<\/div>\n\t\t\t\t<div class=\"elementor-element elementor-element-8d4cf52 elementor-widget elementor-widget-heading\" data-id=\"8d4cf52\" data-element_type=\"widget\" data-widget_type=\"heading.default\">\n\t\t\t\t\t<h2 class=\"elementor-heading-title elementor-size-default\">Aviso Legal<\/h2>\t\t\t\t<\/div>\n\t\t\t\t<div class=\"elementor-element elementor-element-b665e01 elementor-widget elementor-widget-text-editor\" data-id=\"b665e01\" data-element_type=\"widget\" data-widget_type=\"text-editor.default\">\n\t\t\t\t\t\t\t\t\t<p>OS MATERIAIS CONTIDOS NESTE WEB SITE S\u00c3O FORNECIDOS &#8220;COMO EST\u00c3O&#8221; E &#8220;COMO DISPON\u00cdVEIS&#8221;, SEM REPRESENTA\u00c7\u00d5ES OU GARANTIAS DE QUALQUER TIPO. A CONSULTORA CRISTIANE CEDRA RENUNCIA EXPRESSAMENTE TODAS TAIS REPRESENTA\u00c7\u00d5ES E GARANTIAS, SEJAM EXPRESSAS OU IMPL\u00cdCITAS, INCLUINDO, SEM LIMITA\u00c7\u00c3O, GARANTIAS DE T\u00cdTULO, N\u00c3O VIOLA\u00c7\u00c3O OU GARANTIAS IMPL\u00cdCITAS DE COMERCIALIZA\u00c7\u00c3O OU ADEQUA\u00c7\u00c3O A UM DETERMINADO FIM. A CONSULTORA CRISTIANE CEDRA N\u00c3O GARANTE A EXACTID\u00c3O OU INTEGRIDADE DAS INFORMA\u00c7\u00d5ES, TEXTO, GR\u00c1FICOS, LINKS OU OUTROS ITENS CONTIDOS NESTES MATERIAIS. PODEMOS FAZER ALTERA\u00c7\u00d5ES A ESTE SITE A QUALQUER MOMENTO SEM AVISO PR\u00c9VIO. ENQUANTO A CONSULTORA CRISTIANE CEDRA ESFOR\u00c7A-SE PARA MANTER AS INFORMA\u00c7\u00d5ES DESTE SITE PRECISAS E ATUAIS, N\u00c3O PODEMOS GARANTIR A PRECIS\u00c3O, INTEGRIDADE OU OPORTUNIDADE DAS INFORMA\u00c7\u00d5ES. AS INFORMA\u00c7\u00d5ES NO WEB SITE PODEM CONTER IMPRECIS\u00d5ES T\u00c9CNICAS OU ERROS TIPOGR\u00c1FICOS. A CONSULTORA CRISTIANE CEDRA RESERVA-SE O DIREITO DE FAZER ALTERA\u00c7\u00d5ES, CORRE\u00c7\u00d5ES E \/ OU MELHORIAS NAS INFORMA\u00c7\u00d5ES CONTIDAS NESTE SITE, A QUALQUER MOMENTO, SEM AVISO PR\u00c9VIO.<\/p>\t\t\t\t\t\t\t\t<\/div>\n\t\t\t\t<div class=\"elementor-element elementor-element-4f899fc elementor-widget elementor-widget-heading\" data-id=\"4f899fc\" data-element_type=\"widget\" data-widget_type=\"heading.default\">\n\t\t\t\t\t<h2 class=\"elementor-heading-title elementor-size-default\">Limita\u00e7\u00e3o de Responsabilidade<\/h2>\t\t\t\t<\/div>\n\t\t\t\t<div class=\"elementor-element elementor-element-e00d8f5 elementor-widget elementor-widget-text-editor\" data-id=\"e00d8f5\" data-element_type=\"widget\" data-widget_type=\"text-editor.default\">\n\t\t\t\t\t\t\t\t\t<p>EM NENHUMA SITUA\u00c7\u00c3O A CONSULTORA CRISTIANE CEDRA SER\u00c1 RESPONS\u00c1VEL POR QUAISQUER DANOS RESULTANTES DO USO OU DA INCAPACIDADE DE USAR O WEB SITE, INCLUINDO, MAS N\u00c3O SE LIMITANDO A, DIRETOS, INDIRETOS, INCIDENTAIS, ESPECIAIS OU CONSEQUENTES, MESMO SE A CONSULTORA CRISTIANE CEDRA FOI AVISADA DA POSSIBILIDADE DE TAIS DANOS. COMO ALGUMAS JURISDI\u00c7\u00d5ES PRO\u00cdBEM A EXCLUS\u00c3O OU LIMITA\u00c7\u00c3O DE RESPONSABILIDADE POR DANOS CONSEQ\u00dcENCIAIS OU INCIDENTAIS, A LIMITA\u00c7\u00c3O ACIMA PODE N\u00c3O SE APLICAR A VOC\u00ca.<\/p>\t\t\t\t\t\t\t\t<\/div>\n\t\t\t\t<div class=\"elementor-element elementor-element-8a0e2f2 elementor-widget elementor-widget-heading\" data-id=\"8a0e2f2\" data-element_type=\"widget\" data-widget_type=\"heading.default\">\n\t\t\t\t\t<h2 class=\"elementor-heading-title elementor-size-default\">Atualiza\u00e7\u00f5es<\/h2>\t\t\t\t<\/div>\n\t\t\t\t<div class=\"elementor-element elementor-element-6e8d1e4 elementor-widget elementor-widget-text-editor\" data-id=\"6e8d1e4\" data-element_type=\"widget\" data-widget_type=\"text-editor.default\">\n\t\t\t\t\t\t\t\t\t<p>A Consultora Cristiane Cedra reserva-se o direito de fazer altera\u00e7\u00f5es no site criscedra.pt e a estes Termos de Utiliza\u00e7\u00e3o a qualquer momento. A revis\u00e3o destes Termos de Uso ser\u00e3o atualizados nesta p\u00e1gina. Voc\u00ea deve visitar esta p\u00e1gina de vez em quando para rever os Termos de Utiliza\u00e7\u00e3o atuais, porque eles s\u00e3o vinculativos para si. O uso deste site ap\u00f3s qualquer altera\u00e7\u00e3o constitui sua concord\u00e2ncia em seguir e ser regido pelos Termos de Utiliza\u00e7\u00e3o alterados. Se qualquer altera\u00e7\u00e3o for inaceit\u00e1vel para si, seu \u00fanico recurso \u00e9 descontinuar o uso do site.<\/p>\t\t\t\t\t\t\t\t<\/div>\n\t\t\t\t\t<\/div>\n\t\t\t\t<\/div>\n\t\t\t\t<\/div>","protected":false},"excerpt":{"rendered":"<p>Termos de Uso Leia com aten\u00e7\u00e3o antes de usar este site da Web. Bem-vindo ao site da Consultora Cristiane Cedra. O objetivo deste site inclui fornecer aos consumidores acesso a informa\u00e7\u00f5es sobre im\u00f3veis habitacionais ou comerciais, propriedades e terrenos para venda e arrendamento dispon\u00edveis pelo Grupo RE\/MAX Family, bem como v\u00e1rias quest\u00f5es relacionadas com im\u00f3veis [&hellip;]<\/p>","protected":false},"author":1,"featured_media":0,"parent":0,"menu_order":0,"comment_status":"closed","ping_status":"closed","template":"elementor_header_footer","meta":{"footnotes":""},"class_list":["post-46692","page","type-page","status-publish","hentry"],"_links":{"self":[{"href":"https:\/\/criscedra.pt\/en\/wp-json\/wp\/v2\/pages\/46692","targetHints":{"allow":["GET"]}}],"collection":[{"href":"https:\/\/criscedra.pt\/en\/wp-json\/wp\/v2\/pages"}],"about":[{"href":"https:\/\/criscedra.pt\/en\/wp-json\/wp\/v2\/types\/page"}],"author":[{"embeddable":true,"href":"https:\/\/criscedra.pt\/en\/wp-json\/wp\/v2\/users\/1"}],"replies":[{"embeddable":true,"href":"https:\/\/criscedra.pt\/en\/wp-json\/wp\/v2\/comments?post=46692"}],"version-history":[{"count":5,"href":"https:\/\/criscedra.pt\/en\/wp-json\/wp\/v2\/pages\/46692\/revisions"}],"predecessor-version":[{"id":46807,"href":"https:\/\/criscedra.pt\/en\/wp-json\/wp\/v2\/pages\/46692\/revisions\/46807"}],"wp:attachment":[{"href":"https:\/\/criscedra.pt\/en\/wp-json\/wp\/v2\/media?parent=46692"}],"curies":[{"name":"wp","href":"https:\/\/api.w.org\/{rel}","templated":true}]}}