{"id":46465,"date":"2025-09-30T16:59:06","date_gmt":"2025-09-30T16:59:06","guid":{"rendered":"https:\/\/criscedra.pt\/?page_id=46465"},"modified":"2025-10-04T01:16:10","modified_gmt":"2025-10-04T01:16:10","slug":"vender-minha-casa","status":"publish","type":"page","link":"https:\/\/criscedra.pt\/en\/vender-minha-casa\/","title":{"rendered":"Deseja Vender sua Casa?"},"content":{"rendered":"<div data-elementor-type=\"wp-page\" data-elementor-id=\"46465\" class=\"elementor elementor-46465\" data-elementor-post-type=\"page\">\n\t\t\t\t<div class=\"elementor-element elementor-element-76576c2 e-flex e-con-boxed e-con e-parent\" data-id=\"76576c2\" data-element_type=\"container\" data-settings=\"{&quot;background_background&quot;:&quot;classic&quot;}\">\n\t\t\t\t\t<div class=\"e-con-inner\">\n\t\t\t\t<div class=\"elementor-element elementor-element-ac23253 elementor-widget elementor-widget-heading\" data-id=\"ac23253\" data-element_type=\"widget\" data-widget_type=\"heading.default\">\n\t\t\t\t\t<h1 class=\"elementor-heading-title elementor-size-default\">Gostaria de vender a sua casa?<\/h1>\t\t\t\t<\/div>\n\t\t\t\t<div class=\"elementor-element elementor-element-72deea0 elementor-widget elementor-widget-spacer\" data-id=\"72deea0\" data-element_type=\"widget\" data-widget_type=\"spacer.default\">\n\t\t\t\t\t\t\t<div class=\"elementor-spacer\">\n\t\t\t<div class=\"elementor-spacer-inner\"><\/div>\n\t\t<\/div>\n\t\t\t\t\t\t<\/div>\n\t\t\t\t\t<\/div>\n\t\t\t\t<\/div>\n\t\t\t\t<section class=\"elementor-section elementor-top-section elementor-element elementor-element-3fac543 elementor-section-boxed elementor-section-height-default elementor-section-height-default\" data-id=\"3fac543\" data-element_type=\"section\" data-settings=\"{&quot;background_background&quot;:&quot;classic&quot;}\">\n\t\t\t\t\t\t<div class=\"elementor-container elementor-column-gap-default\">\n\t\t\t\t\t<div class=\"elementor-column elementor-col-100 elementor-top-column elementor-element elementor-element-4c3ed3d\" data-id=\"4c3ed3d\" data-element_type=\"column\">\n\t\t\t<div class=\"elementor-widget-wrap elementor-element-populated\">\n\t\t\t\t\t\t<section class=\"elementor-section elementor-inner-section elementor-element elementor-element-f22356d elementor-section-boxed elementor-section-height-default elementor-section-height-default\" data-id=\"f22356d\" data-element_type=\"section\">\n\t\t\t\t\t\t<div class=\"elementor-container elementor-column-gap-default\">\n\t\t\t\t\t<div class=\"elementor-column elementor-col-100 elementor-inner-column elementor-element elementor-element-da5737e\" data-id=\"da5737e\" data-element_type=\"column\">\n\t\t\t<div class=\"elementor-widget-wrap elementor-element-populated\">\n\t\t\t\t\t\t<div class=\"elementor-element elementor-element-5debc59 elementor-widget elementor-widget-heading\" data-id=\"5debc59\" data-element_type=\"widget\" data-widget_type=\"heading.default\">\n\t\t\t\t\t<h2 class=\"elementor-heading-title elementor-size-default\">Como funciona o processo de avalia\u00e7\u00e3o<\/h2>\t\t\t\t<\/div>\n\t\t\t\t\t<\/div>\n\t\t<\/div>\n\t\t\t\t\t<\/div>\n\t\t<\/section>\n\t\t\t\t<section class=\"elementor-section elementor-inner-section elementor-element elementor-element-78ae0b2 elementor-section-boxed elementor-section-height-default elementor-section-height-default\" data-id=\"78ae0b2\" data-element_type=\"section\">\n\t\t\t\t\t\t<div class=\"elementor-container elementor-column-gap-wider\">\n\t\t\t\t\t<div class=\"elementor-column elementor-col-33 elementor-inner-column elementor-element elementor-element-2fa7305\" data-id=\"2fa7305\" data-element_type=\"column\">\n\t\t\t<div class=\"elementor-widget-wrap elementor-element-populated\">\n\t\t\t\t\t\t<div class=\"elementor-element elementor-element-1e03726 elementor-view-default elementor-position-top elementor-mobile-position-top elementor-widget elementor-widget-icon-box\" data-id=\"1e03726\" data-element_type=\"widget\" data-widget_type=\"icon-box.default\">\n\t\t\t\t\t\t\t<div class=\"elementor-icon-box-wrapper\">\n\n\t\t\t\t\t\t<div class=\"elementor-icon-box-icon\">\n\t\t\t\t<span  class=\"elementor-icon\">\n\t\t\t\t\t\t\t\t<\/span>\n\t\t\t<\/div>\n\t\t\t\n\t\t\t\t\t\t<div class=\"elementor-icon-box-content\">\n\n\t\t\t\t\t\t\t\t\t<h3 class=\"elementor-icon-box-title\">\n\t\t\t\t\t\t<span  >\n\t\t\t\t\t\t\tEnvie os seus dados\t\t\t\t\t\t<\/span>\n\t\t\t\t\t<\/h3>\n\t\t\t\t\n\t\t\t\t\t\t\t\t\t<p class=\"elementor-icon-box-description\">\n\t\t\t\t\t\tPreencha os dados do im\u00f3vel e solicite a sua avalia\u00e7\u00e3o gratuita e sem compromisso.\t\t\t\t\t<\/p>\n\t\t\t\t\n\t\t\t<\/div>\n\t\t\t\n\t\t<\/div>\n\t\t\t\t\t\t<\/div>\n\t\t\t\t\t<\/div>\n\t\t<\/div>\n\t\t\t\t<div class=\"elementor-column elementor-col-33 elementor-inner-column elementor-element elementor-element-9b6f3b5\" data-id=\"9b6f3b5\" data-element_type=\"column\">\n\t\t\t<div class=\"elementor-widget-wrap elementor-element-populated\">\n\t\t\t\t\t\t<div class=\"elementor-element elementor-element-b0be885 elementor-view-default elementor-position-top elementor-mobile-position-top elementor-widget elementor-widget-icon-box\" data-id=\"b0be885\" data-element_type=\"widget\" data-widget_type=\"icon-box.default\">\n\t\t\t\t\t\t\t<div class=\"elementor-icon-box-wrapper\">\n\n\t\t\t\t\t\t<div class=\"elementor-icon-box-icon\">\n\t\t\t\t<span  class=\"elementor-icon\">\n\t\t\t\t\t\t\t\t<\/span>\n\t\t\t<\/div>\n\t\t\t\n\t\t\t\t\t\t<div class=\"elementor-icon-box-content\">\n\n\t\t\t\t\t\t\t\t\t<h3 class=\"elementor-icon-box-title\">\n\t\t\t\t\t\t<span  >\n\t\t\t\t\t\t\tMarque a sua visita\t\t\t\t\t\t<\/span>\n\t\t\t\t\t<\/h3>\n\t\t\t\t\n\t\t\t\t\t\t\t\t\t<p class=\"elementor-icon-box-description\">\n\t\t\t\t\t\tReceber\u00e1 um telefonema no prazo de 24 horas para agendar o dia e a hora mais convenientes para si.\t\t\t\t\t<\/p>\n\t\t\t\t\n\t\t\t<\/div>\n\t\t\t\n\t\t<\/div>\n\t\t\t\t\t\t<\/div>\n\t\t\t\t\t<\/div>\n\t\t<\/div>\n\t\t\t\t<div class=\"elementor-column elementor-col-33 elementor-inner-column elementor-element elementor-element-21709c6\" data-id=\"21709c6\" data-element_type=\"column\">\n\t\t\t<div class=\"elementor-widget-wrap elementor-element-populated\">\n\t\t\t\t\t\t<div class=\"elementor-element elementor-element-4f107bc elementor-view-default elementor-position-top elementor-mobile-position-top elementor-widget elementor-widget-icon-box\" data-id=\"4f107bc\" data-element_type=\"widget\" data-widget_type=\"icon-box.default\">\n\t\t\t\t\t\t\t<div class=\"elementor-icon-box-wrapper\">\n\n\t\t\t\t\t\t<div class=\"elementor-icon-box-icon\">\n\t\t\t\t<span  class=\"elementor-icon\">\n\t\t\t\t\t\t\t\t<\/span>\n\t\t\t<\/div>\n\t\t\t\n\t\t\t\t\t\t<div class=\"elementor-icon-box-content\">\n\n\t\t\t\t\t\t\t\t\t<h3 class=\"elementor-icon-box-title\">\n\t\t\t\t\t\t<span  >\n\t\t\t\t\t\t\tReceba a sua avalia\u00e7\u00e3o\t\t\t\t\t\t<\/span>\n\t\t\t\t\t<\/h3>\n\t\t\t\t\n\t\t\t\t\t\t\t\t\t<p class=\"elementor-icon-box-description\">\n\t\t\t\t\t\tA visita de avalia\u00e7\u00e3o dura apenas 30 minutos e, em 48 horas, saber\u00e1 o valor de mercado da sua casa.\t\t\t\t\t<\/p>\n\t\t\t\t\n\t\t\t<\/div>\n\t\t\t\n\t\t<\/div>\n\t\t\t\t\t\t<\/div>\n\t\t\t\t\t<\/div>\n\t\t<\/div>\n\t\t\t\t\t<\/div>\n\t\t<\/section>\n\t\t\t\t\t<\/div>\n\t\t<\/div>\n\t\t\t\t\t<\/div>\n\t\t<\/section>\n\t\t\t\t<section class=\"elementor-section elementor-top-section elementor-element elementor-element-12783bc elementor-section-boxed elementor-section-height-default elementor-section-height-default\" data-id=\"12783bc\" data-element_type=\"section\" data-settings=\"{&quot;background_background&quot;:&quot;classic&quot;}\">\n\t\t\t\t\t\t<div class=\"elementor-container elementor-column-gap-default\">\n\t\t\t\t\t<div class=\"elementor-column elementor-col-100 elementor-top-column elementor-element elementor-element-6d1b800\" data-id=\"6d1b800\" data-element_type=\"column\">\n\t\t\t<div class=\"elementor-widget-wrap elementor-element-populated\">\n\t\t\t\t\t\t<section class=\"elementor-section elementor-inner-section elementor-element elementor-element-d40b5fe elementor-section-full_width elementor-section-content-middle elementor-section-height-default elementor-section-height-default\" data-id=\"d40b5fe\" data-element_type=\"section\">\n\t\t\t\t\t\t<div class=\"elementor-container elementor-column-gap-wider\">\n\t\t\t\t\t<div class=\"elementor-column elementor-col-100 elementor-inner-column elementor-element elementor-element-e9c1fb0\" data-id=\"e9c1fb0\" data-element_type=\"column\">\n\t\t\t<div class=\"elementor-widget-wrap elementor-element-populated\">\n\t\t\t\t\t\t<div class=\"elementor-element elementor-element-7e52948 fluent-form-widget-step-header-yes fluent-form-widget-step-progressbar-yes fluentform-widget-submit-button-custom elementor-widget elementor-widget-fluent-form-widget\" data-id=\"7e52948\" data-element_type=\"widget\" data-widget_type=\"fluent-form-widget.default\">\n\t\t\t\t<div class=\"elementor-widget-container\">\n\t\t\t\t\t\n            <div class=\"fluentform-widget-wrapper hide-fluent-form-labels fluentform-widget-custom-radio-checkbox fluentform-widget-align-default\">\n\n                            <div class=\"fluentform-widget-heading\">\n                                        <h3 class=\"fluentform-widget-title\">\n                        Pe\u00e7a uma avalia\u00e7\u00e3o gratuita e sem compromisso!                    <\/h3>\n                                                        <\/div>\n            \n            <div class='fluentform ff-default fluentform_wrapper_3 ffs_default_wrap'><form data-form_id=\"3\" id=\"fluentform_3\" class=\"frm-fluent-form fluent_form_3 ff-el-form-top ff_form_instance_3_1 ff-form-loading ffs_default\" data-form_instance=\"ff_form_instance_3_1\" method=\"POST\" action=\"\" ><fieldset  style=\"border: none!important;margin: 0!important;padding: 0!important;background-color: transparent!important;box-shadow: none!important;outline: none!important; min-inline-size: 100%;\">\n                    <legend class=\"ff_screen_reader_title\" style=\"display: block; margin: 0!important;padding: 0!important;height: 0!important;text-indent: -999999px;width: 0!important;overflow:hidden;\">Property Valuation<\/legend><input type='hidden' name='__fluent_form_embded_post_id' value='46465' \/><input type=\"hidden\" id=\"_fluentform_3_fluentformnonce\" name=\"_fluentform_3_fluentformnonce\" value=\"59ff3304e7\" \/><input type=\"hidden\" name=\"_wp_http_referer\" value=\"\/en\/wp-json\/wp\/v2\/pages\/46465\" \/><div data-type=\"name-element\" data-name=\"names\" class=\"ff-field_container ff-name-field-wrapper\" ><div class='ff-t-container'><div class='ff-t-cell'><div class='ff-el-group'><div class='ff-el-input--content'><input type=\"text\" name=\"names[first_name]\" id=\"ff_3_names_first_name_\" class=\"ff-el-form-control\" placeholder=\"Nome\" aria-invalid=\"false\" aria-required=\"true\"><\/div><\/div><\/div><\/div><\/div><div class='ff-el-group'><div class='ff-el-input--content'><input name=\"phone\" class=\"ff-el-form-control ff-el-phone\" type=\"tel\" placeholder=\"Telem\u00f3vel\" data-name=\"phone\" id=\"ff_3_phone\" inputmode=\"tel\"  aria-invalid='false' aria-required=\"true\"><\/div><\/div><div class='ff-el-group'><div class='ff-el-input--content'><select name=\"dropdown\" id=\"ff_3_dropdown\" class=\"ff-el-form-control\" data-name=\"dropdown\" data-calc_value=\"0\"  aria-invalid=\"false\" aria-required=\"true\"><option value=\"\">- Concelho -<\/option><option value=\"Amarante\"  >Amarante<\/option><option value=\"Bai\u00e3o\"  >Bai\u00e3o<\/option><option value=\"Felgueiras\"  >Felgueiras<\/option><option value=\"Gondomar\"  >Gondomar<\/option><option value=\"Lousada\"  >Lousada<\/option><option value=\"Maia\"  >Maia<\/option><option value=\"Marco de Canaveses\"  >Marco de Canaveses<\/option><option value=\"Matosinhos\"  >Matosinhos<\/option><option value=\"Pa\u00e7os de Ferreira\"  >Pa\u00e7os de Ferreira<\/option><option value=\"Paredes\"  >Paredes<\/option><option value=\"Penafiel\"  >Penafiel<\/option><option value=\"Porto\"  >Porto<\/option><option value=\"P\u00f3voa de Varzim\"  >P\u00f3voa de Varzim<\/option><option value=\"Santo Tirso\"  >Santo Tirso<\/option><option value=\"Trofa\"  >Trofa<\/option><option value=\"Valongo\"  >Valongo<\/option><option value=\"Vila do Conde\"  >Vila do Conde<\/option><option value=\"Vila Nova de Gaia\"  >Vila Nova de Gaia<\/option><\/select><\/div><\/div><div class='ff-el-group'><div class='ff-el-input--content'><select name=\"dropdown_1\" id=\"ff_3_dropdown_1\" class=\"ff-el-form-control\" data-name=\"dropdown_1\" data-calc_value=\"0\"  aria-invalid=\"false\" aria-required=\"true\"><option value=\"\">- Tipo de Im\u00f3vel -<\/option><option value=\"Apartamento\"  >Apartamento<\/option><option value=\"Casa \/ Moradia\"  >Casa \/ Moradia<\/option><option value=\"Pr\u00e9dio\"  >Pr\u00e9dio<\/option><option value=\"Quinta\"  >Quinta<\/option><option value=\"Terreno\"  >Terreno<\/option><option value=\"Armaz\u00e9m\"  >Armaz\u00e9m<\/option><option value=\"F\u00e1brica\"  >F\u00e1brica<\/option><option value=\"Escrit\u00f3rio\"  >Escrit\u00f3rio<\/option><option value=\"Hotel\"  >Hotel<\/option><option value=\"Pal\u00e1cio\"  >Pal\u00e1cio<\/option><option value=\"Centro Comercial\"  >Centro Comercial<\/option><option value=\"Loja\"  >Loja<\/option><option value=\"Restaurante\"  >Restaurante<\/option><option value=\"Caf\u00e9\"  >Caf\u00e9<\/option><option value=\"Lugar de Estacionamento\"  >Lugar de Estacionamento<\/option><option value=\"Arrecada\u00e7\u00e3o\"  >Arrecada\u00e7\u00e3o<\/option><option value=\"Garagem\"  >Garagem<\/option><\/select><\/div><\/div><div class='ff-el-group'><div class='ff-el-input--content'><select name=\"dropdown_2\" id=\"ff_3_dropdown_2\" class=\"ff-el-form-control\" data-name=\"dropdown_2\" data-calc_value=\"0\"  aria-invalid=\"false\" aria-required=\"false\"><option value=\"\">- Tipologia -<\/option><option value=\"1\"  >1<\/option><option value=\"2\"  >2<\/option><option value=\"3\"  >3<\/option><option value=\"4\"  >4<\/option><option value=\"5\"  >5<\/option><option value=\"5+\"  >5+<\/option><\/select><\/div><\/div><div class='ff-el-group'><div class='ff-el-input--content'><input type=\"text\" name=\"input_text\" class=\"ff-el-form-control\" placeholder=\"\u00c1rea Bruta (m\u00b2)\" data-name=\"input_text\" id=\"ff_3_input_text\"  aria-invalid=\"false\" aria-required=\"false\"><\/div><\/div><div class='ff-el-group    ff-el-input--content'><div class='ff-el-form-check ff-el-tc'><label aria-label='Terms and Conditions: Ao submeter este formul\u00e1rio, concordo com os Termos de Uso\u00a0e\u00a0Pol\u00edtica de Privacidade. Contains 2 links. Use tab navigation to review.' class='ff-el-form-check-label ff_tc_label' for=\"terms-n-condition_00d7035e9c9dd025b498e065cef4a1ca\"><span class='ff_tc_checkbox'><input type=\"checkbox\" name=\"terms-n-condition\" class=\"ff-el-form-check-input\" data-name=\"terms-n-condition\" id=\"terms-n-condition_00d7035e9c9dd025b498e065cef4a1ca\"  value='on' aria-invalid='false' aria-required=\"true\"><\/span> <div class='ff_t_c'><p>Ao submeter este formul\u00e1rio, concordo com os <a href=\"https:\/\/criscedra.pt\/en\/termos-de-uso\/\">Termos de Uso<\/a>\u00a0e\u00a0<a href=\"https:\/\/criscedra.pt\/en\/politica-de-privacidade\/\">Pol\u00edtica de Privacidade<\/a>.<\/p><\/div><\/label><\/div><\/div><div class='ff-el-group ff-text-center ff_submit_btn_wrapper'><button type=\"submit\" class=\"ff-btn ff-btn-submit ff-btn-lg ff_btn_style wpf_has_custom_css\" >Enviar<\/button><\/div><\/fieldset><input type=\"hidden\" name=\"trp-form-language\" value=\"en\"\/><\/form><div id='fluentform_3_errors' class='ff-errors-in-stack ff_form_instance_3_1 ff-form-loading_errors ff_form_instance_3_1_errors'><\/div><\/div>            <script type=\"text\/javascript\">\n                window.fluent_form_ff_form_instance_3_1 = {\"id\":\"3\",\"settings\":{\"layout\":{\"labelPlacement\":\"top\",\"asteriskPlacement\":\"asterisk-right\",\"helpMessagePlacement\":\"with_label\",\"errorMessagePlacement\":\"inline\",\"cssClassName\":\"\"},\"restrictions\":{\"denyEmptySubmission\":{\"enabled\":false}}},\"form_instance\":\"ff_form_instance_3_1\",\"form_id_selector\":\"fluentform_3\",\"rules\":{\"names[first_name]\":{\"required\":{\"value\":true,\"message\":\"This field is required\",\"global\":true,\"global_message\":\"This field is required\"}},\"names[middle_name]\":{\"required\":{\"value\":false,\"message\":\"This field is required\",\"global\":true,\"global_message\":\"This field is required\"}},\"names[last_name]\":{\"required\":{\"value\":false,\"message\":\"This field is required\",\"global\":true,\"global_message\":\"This field is required\"}},\"phone\":{\"required\":{\"value\":true,\"global\":true,\"message\":\"This field is required\",\"global_message\":\"This field is required\"},\"valid_phone_number\":{\"value\":false,\"global\":true,\"message\":\"Phone number is not valid\",\"global_message\":\"Phone number is not valid\"}},\"dropdown\":{\"required\":{\"value\":true,\"message\":\"This field is required\",\"global_message\":\"This field is required\",\"global\":true}},\"dropdown_1\":{\"required\":{\"value\":true,\"message\":\"This field is required\",\"global_message\":\"This field is required\",\"global\":true}},\"dropdown_2\":{\"required\":{\"value\":false,\"message\":\"This field is required\",\"global_message\":\"This field is required\",\"global\":true}},\"input_text\":{\"required\":{\"value\":false,\"message\":\"This field is required\",\"global_message\":\"This field is required\",\"global\":true}},\"terms-n-condition\":{\"required\":{\"value\":true,\"message\":\"This field is required\",\"global_message\":\"This field is required\",\"global\":true}}},\"debounce_time\":300};\n                            <\/script>\n                        <\/div>\n\n            \t\t\t\t<\/div>\n\t\t\t\t<\/div>\n\t\t\t\t\t<\/div>\n\t\t<\/div>\n\t\t\t\t\t<\/div>\n\t\t<\/section>\n\t\t\t\t<div class=\"elementor-element elementor-element-b894170 elementor-widget elementor-widget-houzez_elementor_space\" data-id=\"b894170\" data-element_type=\"widget\" data-widget_type=\"houzez_elementor_space.default\">\n\t\t\t\t<div class=\"elementor-widget-container\">\n\t\t\t\t\t        <div class=\"houzez-spacer\">\n            <div class=\"houzez-spacer-inner\"><\/div>\n        <\/div>\n        \t\t\t\t<\/div>\n\t\t\t\t<\/div>\n\t\t\t\t\t<\/div>\n\t\t<\/div>\n\t\t\t\t\t<\/div>\n\t\t<\/section>\n\t\t\t\t<\/div>","protected":false},"excerpt":{"rendered":"<p>Gostaria de vender a sua casa? Como funciona o processo de avalia\u00e7\u00e3o Envie os seus dados Preencha os dados do im\u00f3vel e solicite a sua avalia\u00e7\u00e3o gratuita e sem compromisso. Marque a sua visita Receber\u00e1 um telefonema no prazo de 24 horas para agendar o dia e a hora mais convenientes para si. Receba a [&hellip;]<\/p>","protected":false},"author":1,"featured_media":0,"parent":0,"menu_order":0,"comment_status":"closed","ping_status":"closed","template":"elementor_header_footer","meta":{"footnotes":""},"class_list":["post-46465","page","type-page","status-publish","hentry"],"_links":{"self":[{"href":"https:\/\/criscedra.pt\/en\/wp-json\/wp\/v2\/pages\/46465","targetHints":{"allow":["GET"]}}],"collection":[{"href":"https:\/\/criscedra.pt\/en\/wp-json\/wp\/v2\/pages"}],"about":[{"href":"https:\/\/criscedra.pt\/en\/wp-json\/wp\/v2\/types\/page"}],"author":[{"embeddable":true,"href":"https:\/\/criscedra.pt\/en\/wp-json\/wp\/v2\/users\/1"}],"replies":[{"embeddable":true,"href":"https:\/\/criscedra.pt\/en\/wp-json\/wp\/v2\/comments?post=46465"}],"version-history":[{"count":5,"href":"https:\/\/criscedra.pt\/en\/wp-json\/wp\/v2\/pages\/46465\/revisions"}],"predecessor-version":[{"id":46689,"href":"https:\/\/criscedra.pt\/en\/wp-json\/wp\/v2\/pages\/46465\/revisions\/46689"}],"wp:attachment":[{"href":"https:\/\/criscedra.pt\/en\/wp-json\/wp\/v2\/media?parent=46465"}],"curies":[{"name":"wp","href":"https:\/\/api.w.org\/{rel}","templated":true}]}}