{"id":44478,"date":"2022-05-26T19:45:36","date_gmt":"2022-05-26T19:45:36","guid":{"rendered":"https:\/\/demo25.houzez.co\/?page_id=44478"},"modified":"2026-03-20T11:00:58","modified_gmt":"2026-03-20T11:00:58","slug":"sobre-cristiane-cedra","status":"publish","type":"page","link":"https:\/\/criscedra.pt\/en\/sobre-cristiane-cedra\/","title":{"rendered":"Sobre"},"content":{"rendered":"<div data-elementor-type=\"wp-page\" data-elementor-id=\"44478\" class=\"elementor elementor-44478\" data-elementor-post-type=\"page\">\n\t\t\t\t\t\t<section class=\"elementor-section elementor-top-section elementor-element elementor-element-faaa294 elementor-section-height-min-height elementor-section-items-stretch elementor-reverse-mobile elementor-section-boxed elementor-section-height-default elementor-invisible\" data-id=\"faaa294\" data-element_type=\"section\" data-settings=\"{&quot;background_background&quot;:&quot;classic&quot;,&quot;animation&quot;:&quot;fadeIn&quot;}\">\n\t\t\t\t\t\t<div class=\"elementor-container elementor-column-gap-no\">\n\t\t\t\t\t<div class=\"elementor-column elementor-col-50 elementor-top-column elementor-element elementor-element-8192489\" data-id=\"8192489\" data-element_type=\"column\">\n\t\t\t<div class=\"elementor-widget-wrap elementor-element-populated\">\n\t\t\t\t<div class=\"elementor-element elementor-element-bd0c263 e-flex e-con-boxed e-con e-parent\" data-id=\"bd0c263\" data-element_type=\"container\">\n\t\t\t\t\t<div class=\"e-con-inner\">\n\t\t\t\t\t<\/div>\n\t\t\t\t<\/div>\n\t\t\t\t\t<\/div>\n\t\t<\/div>\n\t\t\t\t<div class=\"elementor-column elementor-col-50 elementor-top-column elementor-element elementor-element-eb966f4\" data-id=\"eb966f4\" data-element_type=\"column\">\n\t\t\t<div class=\"elementor-widget-wrap\">\n\t\t\t\t\t\t\t<\/div>\n\t\t<\/div>\n\t\t\t\t\t<\/div>\n\t\t<\/section>\n\t\t\t\t<section class=\"elementor-section elementor-top-section elementor-element elementor-element-fc6ccad elementor-section-boxed elementor-section-height-default elementor-section-height-default\" data-id=\"fc6ccad\" data-element_type=\"section\" data-settings=\"{&quot;background_background&quot;:&quot;classic&quot;}\">\n\t\t\t\t\t\t<div class=\"elementor-container elementor-column-gap-default\">\n\t\t\t\t\t<div class=\"elementor-column elementor-col-33 elementor-top-column elementor-element elementor-element-b4c3279\" data-id=\"b4c3279\" data-element_type=\"column\">\n\t\t\t<div class=\"elementor-widget-wrap elementor-element-populated\">\n\t\t\t\t\t\t<section class=\"elementor-section elementor-inner-section elementor-element elementor-element-28daac3 elementor-section-boxed elementor-section-height-default elementor-section-height-default\" data-id=\"28daac3\" data-element_type=\"section\">\n\t\t\t\t\t\t<div class=\"elementor-container elementor-column-gap-no\">\n\t\t\t\t\t<div class=\"elementor-column elementor-col-100 elementor-inner-column elementor-element elementor-element-ddb267f\" data-id=\"ddb267f\" data-element_type=\"column\">\n\t\t\t<div class=\"elementor-widget-wrap elementor-element-populated\">\n\t\t\t\t\t\t<div class=\"elementor-element elementor-element-da0146a elementor-widget elementor-widget-image\" data-id=\"da0146a\" data-element_type=\"widget\" data-widget_type=\"image.default\">\n\t\t\t\t\t\t\t\t\t\t\t\t\t\t\t<img fetchpriority=\"high\" decoding=\"async\" width=\"430\" height=\"605\" src=\"https:\/\/criscedra.pt\/wp-content\/uploads\/2025\/09\/Cris-Cedra-Sobre.jpg\" class=\"attachment-large size-large wp-image-45106\" alt=\"\" \/>\t\t\t\t\t\t\t\t\t\t\t\t\t\t\t<\/div>\n\t\t\t\t\t<\/div>\n\t\t<\/div>\n\t\t\t\t\t<\/div>\n\t\t<\/section>\n\t\t\t\t\t<\/div>\n\t\t<\/div>\n\t\t\t\t<div class=\"elementor-column elementor-col-66 elementor-top-column elementor-element elementor-element-4c4e8e3\" data-id=\"4c4e8e3\" data-element_type=\"column\">\n\t\t\t<div class=\"elementor-widget-wrap elementor-element-populated\">\n\t\t\t\t\t\t<section class=\"elementor-section elementor-inner-section elementor-element elementor-element-c172bf0 elementor-section-boxed elementor-section-height-default elementor-section-height-default\" data-id=\"c172bf0\" data-element_type=\"section\">\n\t\t\t\t\t\t<div class=\"elementor-container elementor-column-gap-default\">\n\t\t\t\t\t<div class=\"elementor-column elementor-col-100 elementor-inner-column elementor-element elementor-element-ca75e42\" data-id=\"ca75e42\" data-element_type=\"column\">\n\t\t\t<div class=\"elementor-widget-wrap elementor-element-populated\">\n\t\t\t\t\t\t<div class=\"elementor-element elementor-element-bfb37fc animated-slow elementor-invisible elementor-widget elementor-widget-heading\" data-id=\"bfb37fc\" data-element_type=\"widget\" data-settings=\"{&quot;_animation&quot;:&quot;fadeIn&quot;}\" data-widget_type=\"heading.default\">\n\t\t\t\t\t<h1 class=\"elementor-heading-title elementor-size-default\">Sobre<\/h1>\t\t\t\t<\/div>\n\t\t\t\t<div class=\"elementor-element elementor-element-b9287a8 animated-slow elementor-invisible elementor-widget elementor-widget-text-editor\" data-id=\"b9287a8\" data-element_type=\"widget\" data-settings=\"{&quot;_animation&quot;:&quot;fadeIn&quot;}\" data-widget_type=\"text-editor.default\">\n\t\t\t\t\t\t\t\t\t<p>Sou a <strong>Cristiane Cedra<\/strong>, consultora imobili\u00e1ria associada \u00e0\u00a0<strong>Quintela + Penalva | Knight Frank.<\/strong> Presto consultoria na compra e venda de im\u00f3veis, com <strong>especializa\u00e7\u00e3o local, an\u00e1lise criteriosa e acompanhamento direto<\/strong> em todas as etapas.<\/p><p><strong>Para compradores<\/strong><\/p><ul><li><strong>Antes das visitas: <\/strong>envio sugest\u00f5es de im\u00f3veis, com notas concisas, alinhadas com os seus crit\u00e9rios e prioridades.<\/li><li><strong>Organiza\u00e7\u00e3o: <\/strong>trato da marca\u00e7\u00e3o e coordena\u00e7\u00e3o da agenda de visitas, com pontualidade e comunica\u00e7\u00e3o clara.<\/li><li><strong>Ap\u00f3s cada visita: <\/strong>partilho um resumo objetivo que apoia a sua decis\u00e3o e indica os pr\u00f3ximos passos.<\/li><li><strong>Processo Comercial: <\/strong>estrat\u00e9gia de proposta, gest\u00e3o da negocia\u00e7\u00e3o (propostas e contrapropostas), prazos e condi\u00e7\u00f5es; apoio no <span class=\"s1\"><b>CPCV (Contrato-Promessa de Compra e Venda)<\/b><\/span> e verifica\u00e7\u00e3o documental, coordena\u00e7\u00e3o do financiamento (se necess\u00e1rio) at\u00e9 \u00e0 assinatura da escritura.<\/li><\/ul><p><strong>Para proprit\u00e1rios (vendedores)<\/strong><\/p><ul><li><strong>Estrat\u00e9gia e precifica\u00e7\u00e3o: <\/strong>definimos o posicionamento e o pre\u00e7o com base em dados de mercado (compar\u00e1veis e indicadores locais).<\/li><li><strong>Apresenta\u00e7\u00e3o do im\u00f3vel: <\/strong>fotografia, v\u00eddeo, visita virtual 3D, reportagem com drone (se aplic\u00e1vel) e descri\u00e7\u00e3o de an\u00fancio de alta qualidade.<\/li><li><strong>Marketing:<\/strong> distribui\u00e7\u00e3o pelos canais estrat\u00e9gicos.<\/li><li><strong>Relat\u00f3rios:<\/strong> relat\u00f3rio semanal de visualiza\u00e7\u00f5es do an\u00fancio, contactos, visitas e feedback dos visitantes, com recomenda\u00e7\u00f5es quando forem necess\u00e1rios ajustes.<\/li><li><strong>Processo comercial: <\/strong>qualifica\u00e7\u00e3o de compradores, coordena\u00e7\u00e3o de visitas e gest\u00e3o de propostas e contrapropostas.<\/li><\/ul><p><strong>Negocia\u00e7\u00e3o e conclus\u00e3o<br \/><\/strong>A negocia\u00e7\u00e3o \u00e9 suportada por dados de mercado (compar\u00e1veis e indicadores locais). Na fase de conclus\u00e3o, asseguro apoio completo com a documenta\u00e7\u00e3o at\u00e9 \u00e0 assinatura da escritura.<\/p>\t\t\t\t\t\t\t\t<\/div>\n\t\t\t\t<div class=\"elementor-element elementor-element-5068b8a elementor-widget__width-initial elementor-widget elementor-widget-heading\" data-id=\"5068b8a\" data-element_type=\"widget\" data-widget_type=\"heading.default\">\n\t\t\t\t\t<h2 class=\"elementor-heading-title elementor-size-default\">Informa\u00e7\u00f5es da Consultora<\/h2>\t\t\t\t<\/div>\n\t\t\t\t<div class=\"elementor-element elementor-element-05c56e1 animated-slow elementor-icon-list--layout-traditional elementor-list-item-link-full_width elementor-invisible elementor-widget elementor-widget-icon-list\" data-id=\"05c56e1\" data-element_type=\"widget\" data-settings=\"{&quot;_animation&quot;:&quot;fadeIn&quot;}\" data-widget_type=\"icon-list.default\">\n\t\t\t\t\t\t\t<ul class=\"elementor-icon-list-items\">\n\t\t\t\t\t\t\t<li class=\"elementor-icon-list-item\">\n\t\t\t\t\t\t\t\t\t\t\t<span class=\"elementor-icon-list-icon\">\n\t\t\t\t\t\t\t<svg aria-hidden=\"true\" class=\"e-font-icon-svg e-far-circle\" viewbox=\"0 0 512 512\" xmlns=\"http:\/\/www.w3.org\/2000\/svg\"><path d=\"M256 8C119 8 8 119 8 256s111 248 248 248 248-111 248-248S393 8 256 8zm0 448c-110.5 0-200-89.5-200-200S145.5 56 256 56s200 89.5 200 200-89.5 200-200 200z\"><\/path><\/svg>\t\t\t\t\t\t<\/span>\n\t\t\t\t\t\t\t\t\t\t<span class=\"elementor-icon-list-text\"><strong>\u00c1reas de Atua\u00e7\u00e3o:<\/strong> Porto, Matosinhos e Vila Nova de Gaia<\/span>\n\t\t\t\t\t\t\t\t\t<\/li>\n\t\t\t\t\t\t\t\t<li class=\"elementor-icon-list-item\">\n\t\t\t\t\t\t\t\t\t\t\t<span class=\"elementor-icon-list-icon\">\n\t\t\t\t\t\t\t<svg aria-hidden=\"true\" class=\"e-font-icon-svg e-far-circle\" viewbox=\"0 0 512 512\" xmlns=\"http:\/\/www.w3.org\/2000\/svg\"><path d=\"M256 8C119 8 8 119 8 256s111 248 248 248 248-111 248-248S393 8 256 8zm0 448c-110.5 0-200-89.5-200-200S145.5 56 256 56s200 89.5 200 200-89.5 200-200 200z\"><\/path><\/svg>\t\t\t\t\t\t<\/span>\n\t\t\t\t\t\t\t\t\t\t<span class=\"elementor-icon-list-text\"><strong>Especialidades:<\/strong> representa\u00e7\u00e3o de compradores e vendedores de im\u00f3veis; estrat\u00e9gia de pre\u00e7o (<b>ACM \u2014 An\u00e1lise Comparativa de Mercado<\/b>); negocia\u00e7\u00e3o e gest\u00e3o de propostas; prepara\u00e7\u00e3o do an\u00fancio (home staging, fotografia, v\u00eddeo e visitas virtuais 3D); conhecimento do mercado local; visitas presenciais e remotas; documenta\u00e7\u00e3o e coordena\u00e7\u00e3o da conclus\u00e3o (<b>CPCV \u2192 escritura<\/b>).<\/span>\n\t\t\t\t\t\t\t\t\t<\/li>\n\t\t\t\t\t\t<\/ul>\n\t\t\t\t\t\t<\/div>\n\t\t\t\t\t<\/div>\n\t\t<\/div>\n\t\t\t\t\t<\/div>\n\t\t<\/section>\n\t\t\t\t\t<\/div>\n\t\t<\/div>\n\t\t\t\t\t<\/div>\n\t\t<\/section>\n\t\t\t\t<\/div>","protected":false},"excerpt":{"rendered":"<p>Sobre Sou a Cristiane Cedra, consultora imobili\u00e1ria associada \u00e0\u00a0Quintela + Penalva | Knight Frank. Presto consultoria na compra e venda de im\u00f3veis, com especializa\u00e7\u00e3o local, an\u00e1lise criteriosa e acompanhamento direto em todas as etapas. Para compradores Antes das visitas: envio sugest\u00f5es de im\u00f3veis, com notas concisas, alinhadas com os seus crit\u00e9rios e prioridades. Organiza\u00e7\u00e3o: trato [&hellip;]<\/p>","protected":false},"author":1,"featured_media":0,"parent":0,"menu_order":0,"comment_status":"closed","ping_status":"closed","template":"elementor_header_footer","meta":{"footnotes":""},"class_list":["post-44478","page","type-page","status-publish","hentry"],"_links":{"self":[{"href":"https:\/\/criscedra.pt\/en\/wp-json\/wp\/v2\/pages\/44478","targetHints":{"allow":["GET"]}}],"collection":[{"href":"https:\/\/criscedra.pt\/en\/wp-json\/wp\/v2\/pages"}],"about":[{"href":"https:\/\/criscedra.pt\/en\/wp-json\/wp\/v2\/types\/page"}],"author":[{"embeddable":true,"href":"https:\/\/criscedra.pt\/en\/wp-json\/wp\/v2\/users\/1"}],"replies":[{"embeddable":true,"href":"https:\/\/criscedra.pt\/en\/wp-json\/wp\/v2\/comments?post=44478"}],"version-history":[{"count":5,"href":"https:\/\/criscedra.pt\/en\/wp-json\/wp\/v2\/pages\/44478\/revisions"}],"predecessor-version":[{"id":47129,"href":"https:\/\/criscedra.pt\/en\/wp-json\/wp\/v2\/pages\/44478\/revisions\/47129"}],"wp:attachment":[{"href":"https:\/\/criscedra.pt\/en\/wp-json\/wp\/v2\/media?parent=44478"}],"curies":[{"name":"wp","href":"https:\/\/api.w.org\/{rel}","templated":true}]}}